{"id":5488,"date":"2018-05-19T12:49:27","date_gmt":"2018-05-19T12:49:27","guid":{"rendered":"https:\/\/fotoakademija.lv\/?page_id=5488"},"modified":"2023-12-05T06:46:33","modified_gmt":"2023-12-05T04:46:33","slug":"piedavajam-kursus","status":"publish","type":"page","link":"https:\/\/fotoakademija.lv\/sv\/vi-erbjuder-kurser\/","title":{"rendered":"Vi erbjuder kurser"},"content":{"rendered":"<p>Senaste kurserna<\/p>\n<blockquote><p><em>Fotografi har visat sig vara en av de mest tillg\u00e4ngliga sysslorna f\u00f6r kreativt uttryck - Fotograf Valters Preimanis<\/em><\/p><\/blockquote>\n<h2 align=\"justify\">VI ERBJUDER KURSER:<\/h2>\n<hr \/>\n<p align=\"justify\">Fotokurser riktar sig till lyssnare med olika f\u00f6rberedelser. Det finns inte fler \u00e4n 10 personer i grupper. I slutet av kursen f\u00e5r du ett intyg p\u00e5 att du har genomf\u00f6rt kursen.<\/p>\n<ul>\n<li><a href=\"https:\/\/fotoakademija.lv\/sv\/program-for-privat-lektionsfilmning-och-fotografering-med-en-dronare\/\">Program: Privatlektioner i filmning och fotografering med dr\u00f6nare<\/a><\/li>\n<li><a href=\"https:\/\/fotoakademija.lv\/sv\/privata-fotolektioner-med-zoom-for-att-lara-dig-nagot-nytt\/\">Privata fotolektioner med Zoom f\u00f6r att l\u00e4ra dig n\u00e5got nytt<\/a><\/li>\n<li><a href=\"https:\/\/fotoakademija.lv\/sv\/adobe-photoshop-lightroom\/\">Adobe Photoshop och Lightroom<\/a><\/li>\n<li><a href=\"https:\/\/fotoakademija.lv\/sv\/praktiska-grunderna-for-fotografering\/\">De praktiska grunderna f\u00f6r fotografering<\/a><\/li>\n<\/ul>\n<p>Kursdeltagarna f\u00f6rses med te och kaffe.<\/p>\n<p>Rabatter:<\/p>\n<ul>\n<li style=\"list-style-type: none;\">\n<ul>\n<li>N\u00e4r du l\u00e4ser en kurs hos oss f\u00e5r du 10% rabatt f\u00f6r att l\u00e4sa en annan kurs!<\/li>\n<li>N\u00e4r ni kommer som ett par f\u00e5r ni b\u00e5da 10% rabatt!<\/li>\n<\/ul>\n<\/li>\n<\/ul>\n<p><img loading=\"lazy\" decoding=\"async\" class=\"alignnone size-medium wp-image-5604\" src=\"https:\/\/fotoakademija.lv\/wp-content\/uploads\/Foto_akademija_3-300x203.jpg\" alt=\"\" width=\"300\" height=\"203\" srcset=\"https:\/\/fotoakademija.lv\/wp-content\/uploads\/Foto_akademija_3-300x203.jpg 300w, https:\/\/fotoakademija.lv\/wp-content\/uploads\/Foto_akademija_3-768x520.jpg 768w, https:\/\/fotoakademija.lv\/wp-content\/uploads\/Foto_akademija_3-1024x693.jpg 1024w, https:\/\/fotoakademija.lv\/wp-content\/uploads\/Foto_akademija_3-255x173.jpg 255w, https:\/\/fotoakademija.lv\/wp-content\/uploads\/Foto_akademija_3-600x406.jpg 600w, https:\/\/fotoakademija.lv\/wp-content\/uploads\/Foto_akademija_3.jpg 1920w\" sizes=\"auto, (max-width: 300px) 100vw, 300px\" \/><\/p>\n<h4 align=\"justify\">Du kan ans\u00f6ka till kurser genom att anv\u00e4nda snabbkontaktformul\u00e4ret och ange kursens namn.<\/h4>\n<p>Telefon 220-77-202<\/p>","protected":false},"excerpt":{"rendered":"<p>Jaun\u0101kie kursi Fotograf\u0113\u0161ana sevi ir pier\u0101d\u012bjusi k\u0101 viena no vispieejam\u0101kaj\u0101m rado\u0161\u0101s izpausmes nodarb\u0113m &#8211; Fotogr\u0101fs Valters Preimanis PIED\u0100V\u0100JAM KURSUS: Foto kursi ir [&hellip;]<\/p>","protected":false},"author":1,"featured_media":0,"parent":0,"menu_order":0,"comment_status":"closed","ping_status":"closed","template":"","meta":{"footnotes":""},"class_list":["post-5488","page","type-page","status-publish","hentry"],"_links":{"self":[{"href":"https:\/\/fotoakademija.lv\/sv\/wp-json\/wp\/v2\/pages\/5488","targetHints":{"allow":["GET"]}}],"collection":[{"href":"https:\/\/fotoakademija.lv\/sv\/wp-json\/wp\/v2\/pages"}],"about":[{"href":"https:\/\/fotoakademija.lv\/sv\/wp-json\/wp\/v2\/types\/page"}],"author":[{"embeddable":true,"href":"https:\/\/fotoakademija.lv\/sv\/wp-json\/wp\/v2\/users\/1"}],"replies":[{"embeddable":true,"href":"https:\/\/fotoakademija.lv\/sv\/wp-json\/wp\/v2\/comments?post=5488"}],"version-history":[{"count":0,"href":"https:\/\/fotoakademija.lv\/sv\/wp-json\/wp\/v2\/pages\/5488\/revisions"}],"wp:attachment":[{"href":"https:\/\/fotoakademija.lv\/sv\/wp-json\/wp\/v2\/media?parent=5488"}],"curies":[{"name":"wp","href":"https:\/\/api.w.org\/{rel}","templated":true}]}}