{"id":5548,"date":"2018-05-20T18:29:13","date_gmt":"2018-05-20T15:29:13","guid":{"rendered":"https:\/\/fotoakademija.lv\/?page_id=5548"},"modified":"2024-02-07T09:48:21","modified_gmt":"2024-02-07T07:48:21","slug":"%d1%84%d0%be%d1%82%d0%be%d0%ba%d1%83%d1%80%d1%81%d1%8b","status":"publish","type":"page","link":"https:\/\/fotoakademija.lv\/sv\/\u0444\u043e\u0442\u043e\u043a\u0443\u0440\u0441\u044b\/","title":{"rendered":"Fotokurser"},"content":{"rendered":"<p>Fotografering har visat sig vara en av de mest tillg\u00e4ngliga sysslorna f\u00f6r kreativa uttryck.<\/p>\n\n\n\n<figure class=\"wp-block-image\"><img loading=\"lazy\" decoding=\"async\" width=\"1024\" height=\"683\" src=\"https:\/\/fotoakademija.lv\/wp-content\/uploads\/2024\/02\/Kolazas-Mzaikas-Valters-Preimanis-1024x683.jpg\" alt=\"Valters Preimanis fr\u00e5n Kolaz Mzaikas\" class=\"wp-image-5925\" srcset=\"https:\/\/fotoakademija.lv\/wp-content\/uploads\/2024\/02\/Kolazas-Mzaikas-Valters-Preimanis-1024x683.jpg 1024w, https:\/\/fotoakademija.lv\/wp-content\/uploads\/2024\/02\/Kolazas-Mzaikas-Valters-Preimanis-300x200.jpg 300w, https:\/\/fotoakademija.lv\/wp-content\/uploads\/2024\/02\/Kolazas-Mzaikas-Valters-Preimanis-768x512.jpg 768w, https:\/\/fotoakademija.lv\/wp-content\/uploads\/2024\/02\/Kolazas-Mzaikas-Valters-Preimanis-1536x1024.jpg 1536w, https:\/\/fotoakademija.lv\/wp-content\/uploads\/2024\/02\/Kolazas-Mzaikas-Valters-Preimanis-2048x1365.jpg 2048w, https:\/\/fotoakademija.lv\/wp-content\/uploads\/2024\/02\/Kolazas-Mzaikas-Valters-Preimanis-18x12.jpg 18w, https:\/\/fotoakademija.lv\/wp-content\/uploads\/2024\/02\/Kolazas-Mzaikas-Valters-Preimanis-1000x667.jpg 1000w, https:\/\/fotoakademija.lv\/wp-content\/uploads\/2024\/02\/Kolazas-Mzaikas-Valters-Preimanis-230x153.jpg 230w, https:\/\/fotoakademija.lv\/wp-content\/uploads\/2024\/02\/Kolazas-Mzaikas-Valters-Preimanis-350x233.jpg 350w, https:\/\/fotoakademija.lv\/wp-content\/uploads\/2024\/02\/Kolazas-Mzaikas-Valters-Preimanis-480x320.jpg 480w\" sizes=\"auto, (max-width: 1024px) 100vw, 1024px\" \/><\/figure>\n\n\n\n<h2 class=\"wp-block-heading\">FOTOKURS:<\/h2>\n\n\n\n<hr class=\"wp-block-separator has-alpha-channel-opacity\"\/>\n\n\n\n<p>Dessutom har fotografi idag inte bara blivit en form av konstn\u00e4rligt uttryck, utan ocks\u00e5 en h\u00f6gt v\u00e4rderad vara. Det l\u00e5ter dig inte bara uppt\u00e4cka v\u00e4rlden av dina k\u00e4nslor och tankar, utan \u00f6ppnar ocks\u00e5 f\u00f6r m\u00f6jligheten att f\u00f6rb\u00e4ttra dig sj\u00e4lv i den professionella sf\u00e4ren och skaffa dig en ny identitet.<\/p>\n\n\n\n<p>Photo Academys fotokursprogram \u00e4r utformade p\u00e5 ett s\u00e5dant s\u00e4tt att du efter avslutad kurs har inte bara en inblick i de tekniska och kreativa aspekterna av modern fotografi, utan \u00e4ven kunskaper och f\u00e4rdigheter som du skulle kunna till\u00e4mpa i din yrkesverksamhet. H\u00e4r hj\u00e4lper professionella fotografer dig att l\u00e4ra dig de teoretiska aspekterna, vilket ger dig m\u00f6jlighet att l\u00e4ra dig och komplettera dina id\u00e9er om ljus, f\u00e4rg, komposition och genre. En viktig del av utbildningen \u00e4r ocks\u00e5 ditt sj\u00e4lvst\u00e4ndiga arbete och l\u00e4xor.<\/p>\n\n\n\n<p class=\"has-medium-font-size\">Kurserna v\u00e4nder sig till lyssnare med olika f\u00f6rberedelser. Det finns inte fler \u00e4n 10 personer i grupper. I slutet av kursen f\u00e5r du ett intyg.<\/p>\n\n\n\n<p>Kursdeltagarna f\u00f6rses med fika.<\/p>\n\n\n\n<p>Rabatter:<\/p>\n\n\n\n<ul class=\"wp-block-list\">\n<li>N\u00e4r du l\u00e4ser en kurs hos oss f\u00e5r du 10% rabatt f\u00f6r att l\u00e4sa en annan kurs!<\/li>\n\n\n\n<li>N\u00e4r ni kommer som ett par f\u00e5r ni b\u00e5da 10% rabatt!<\/li>\n<\/ul>\n\n\n\n<h4 class=\"wp-block-heading\">Du kan ans\u00f6ka till kurser genom att anv\u00e4nda snabbkontaktformul\u00e4ret och ange kursens namn.<\/h4>","protected":false},"excerpt":{"rendered":"<p>Fotograf\u0113\u0161ana sevi ir pier\u0101d\u012bjusi k\u0101 viena no vispieejam\u0101kaj\u0101m rado\u0161\u0101s izpausmes nodarb\u0113m. FOTOKURSI: Turkl\u0101t fotogr\u0101fija \u0161odien ir k\u013cuvusi ne tikai par m\u0101kslas izpausmes [&hellip;]<\/p>","protected":false},"author":1,"featured_media":0,"parent":0,"menu_order":0,"comment_status":"closed","ping_status":"closed","template":"","meta":{"footnotes":""},"class_list":["post-5548","page","type-page","status-publish","hentry"],"_links":{"self":[{"href":"https:\/\/fotoakademija.lv\/sv\/wp-json\/wp\/v2\/pages\/5548","targetHints":{"allow":["GET"]}}],"collection":[{"href":"https:\/\/fotoakademija.lv\/sv\/wp-json\/wp\/v2\/pages"}],"about":[{"href":"https:\/\/fotoakademija.lv\/sv\/wp-json\/wp\/v2\/types\/page"}],"author":[{"embeddable":true,"href":"https:\/\/fotoakademija.lv\/sv\/wp-json\/wp\/v2\/users\/1"}],"replies":[{"embeddable":true,"href":"https:\/\/fotoakademija.lv\/sv\/wp-json\/wp\/v2\/comments?post=5548"}],"version-history":[{"count":0,"href":"https:\/\/fotoakademija.lv\/sv\/wp-json\/wp\/v2\/pages\/5548\/revisions"}],"wp:attachment":[{"href":"https:\/\/fotoakademija.lv\/sv\/wp-json\/wp\/v2\/media?parent=5548"}],"curies":[{"name":"wp","href":"https:\/\/api.w.org\/{rel}","templated":true}]}}