{"id":5558,"date":"2018-05-21T10:41:09","date_gmt":"2018-05-21T07:41:09","guid":{"rendered":"https:\/\/fotoakademija.lv\/?page_id=5558"},"modified":"2018-05-21T11:26:45","modified_gmt":"2018-05-21T08:26:45","slug":"i-limenis","status":"publish","type":"page","link":"https:\/\/fotoakademija.lv\/sv\/fotokurser\/jag-niva\/","title":{"rendered":"Niv\u00e5 I \u2013 Nyb\u00f6rjare"},"content":{"rendered":"<h3><b>Grundl\u00e4ggande fotografering: En bra bild \u00e4r ingen tillf\u00e4llighet<\/b><\/h3>\n<p align=\"justify\">Dessa fotokurser \u00e4r f\u00f6r dig om kvaliteten p\u00e5 dina bilder hittills berodde p\u00e5 tur och funktionerna i kamerans automatiska l\u00e4ge. De kommer inte bara att till\u00e5ta dig att l\u00e4ra dig de grundl\u00e4ggande principerna f\u00f6r professionell fotografering, utan kommer ocks\u00e5 att ge dig en inblick i fotografiets vida v\u00e4rld som konst. Kvaliteten p\u00e5 dina bilder kommer inte l\u00e4ngre att bero p\u00e5 slumpen. Du kommer inte bara att l\u00e4ra dig att ta bilder skickligt, utan du kommer ocks\u00e5 att f\u00e5 en f\u00f6rst\u00e5else f\u00f6r fotograferingsprocessen, vilket kommer att vara en tillr\u00e4cklig grund f\u00f6r din fortsatta tillv\u00e4xt. Med en kamera i dina h\u00e4nder kommer du att vara medveten om det \u00f6nskade resultatet, du kommer att f\u00f6rst\u00e5 de n\u00f6dv\u00e4ndiga f\u00f6ruts\u00e4ttningarna f\u00f6r att uppn\u00e5 det och du kommer att veta hur du ska implementera det du har t\u00e4nkt dig.<\/p>\n<p align=\"justify\">[vc_row][vc_column]<\/p>\n<p align=\"justify\">[u_post_grid title=\u201dNyaste kurser\u201d description=\u201dFotografi har visat sig vara en av de mest tillg\u00e4ngliga sysslorna f\u00f6r kreativt uttryck. \u201d link_text=\u201dNyaste kurserna\u201d link_url=\u201dhttps:\/\/fotoakademija.lv\/lv\/fotokursi\/\u201d post_type=\u201du_course\u201d show_date=\u201d1\u2033 show_price=\u201d0\u2033 show_venue=\u201d1\u2033 show_time=\u201d1\u2033 gallery= &quot;0&quot;]<\/p>\n<p align=\"justify\">[\/vc_column][\/vc_row]<\/p>\n<p align=\"justify\">[vc_row][vc_column]<\/p>\n<p align=\"justify\">[u_course_list count=&#8221;10&#8243; order=&#8221;DESC&#8221; orderby=&#8221;date&#8221;][\/vc_column][\/vc_row][vc_row][vc_column][u_event_list count=&#8221;10&#8243; order=&#8221;DESC&#8221; orderby=&#8221;date&#8221;]<\/p>\n<p align=\"justify\">[\/vc_column][\/vc_row]<\/p>\n<h4 style=\"text-align: center;\" align=\"justify\">Du kan ans\u00f6ka till kurser genom att anv\u00e4nda snabbkontaktformul\u00e4ret och ange kursens namn.<\/h4>\n<p>[vc_row][vc_column][contact-form-7 id=&#8221;5079&#8243;][\/vc_column][\/vc_row]<\/p>","protected":false},"excerpt":{"rendered":"<p>Fotograf\u0113\u0161anas pamati: labs kadrs nav nejau\u0161\u012bba \u0160ie fotograf\u0113\u0161anas kursi ir dom\u0101ti Jums, ja l\u012bdz \u0161im J\u016bsu fotogr\u0101fiju kvalit\u0101te bija atkar\u012bga no veiksmes [&hellip;]<\/p>","protected":false},"author":1,"featured_media":4713,"parent":2862,"menu_order":0,"comment_status":"closed","ping_status":"closed","template":"","meta":{"footnotes":""},"class_list":["post-5558","page","type-page","status-publish","has-post-thumbnail","hentry"],"_links":{"self":[{"href":"https:\/\/fotoakademija.lv\/sv\/wp-json\/wp\/v2\/pages\/5558","targetHints":{"allow":["GET"]}}],"collection":[{"href":"https:\/\/fotoakademija.lv\/sv\/wp-json\/wp\/v2\/pages"}],"about":[{"href":"https:\/\/fotoakademija.lv\/sv\/wp-json\/wp\/v2\/types\/page"}],"author":[{"embeddable":true,"href":"https:\/\/fotoakademija.lv\/sv\/wp-json\/wp\/v2\/users\/1"}],"replies":[{"embeddable":true,"href":"https:\/\/fotoakademija.lv\/sv\/wp-json\/wp\/v2\/comments?post=5558"}],"version-history":[{"count":0,"href":"https:\/\/fotoakademija.lv\/sv\/wp-json\/wp\/v2\/pages\/5558\/revisions"}],"up":[{"embeddable":true,"href":"https:\/\/fotoakademija.lv\/sv\/wp-json\/wp\/v2\/pages\/2862"}],"wp:featuredmedia":[{"embeddable":true,"href":"https:\/\/fotoakademija.lv\/sv\/wp-json\/wp\/v2\/media\/4713"}],"wp:attachment":[{"href":"https:\/\/fotoakademija.lv\/sv\/wp-json\/wp\/v2\/media?parent=5558"}],"curies":[{"name":"wp","href":"https:\/\/api.w.org\/{rel}","templated":true}]}}