{"id":5854,"date":"2024-01-26T16:22:12","date_gmt":"2024-01-26T14:22:12","guid":{"rendered":"https:\/\/fotoakademija.lv\/?page_id=5854"},"modified":"2025-05-18T11:03:23","modified_gmt":"2025-05-18T08:03:23","slug":"modelu-vakances-dabiga-vide-pilna-apgerba","status":"publish","type":"page","link":"https:\/\/fotoakademija.lv\/sv\/modell-lediga-jobb-naturmiljo-fullservice\/","title":{"rendered":"Modell lediga jobb i naturlig milj\u00f6"},"content":{"rendered":"<p class=\"has-medium-font-size\">Modellarbete i Riga, filmning i studio och i en naturlig milj\u00f6<\/p>\n\n\n\n<p><strong>Fotoakademin erbjuder arbete f\u00f6r foto- och videomodeller, du har m\u00f6jlighet att l\u00e4ra dig medan du filmar!<\/strong><\/p>\n\n\n\n<figure class=\"wp-block-image size-full\"><img loading=\"lazy\" decoding=\"async\" width=\"1920\" height=\"1080\" src=\"https:\/\/fotoakademija.lv\/wp-content\/uploads\/2024\/01\/Kadru-plans-foto-un-video-modeliem-6.png\" alt=\"\" class=\"wp-image-5877\" srcset=\"https:\/\/fotoakademija.lv\/wp-content\/uploads\/2024\/01\/Kadru-plans-foto-un-video-modeliem-6.png 1920w, https:\/\/fotoakademija.lv\/wp-content\/uploads\/2024\/01\/Kadru-plans-foto-un-video-modeliem-6-300x169.png 300w, https:\/\/fotoakademija.lv\/wp-content\/uploads\/2024\/01\/Kadru-plans-foto-un-video-modeliem-6-1024x576.png 1024w, https:\/\/fotoakademija.lv\/wp-content\/uploads\/2024\/01\/Kadru-plans-foto-un-video-modeliem-6-768x432.png 768w, https:\/\/fotoakademija.lv\/wp-content\/uploads\/2024\/01\/Kadru-plans-foto-un-video-modeliem-6-1536x864.png 1536w, https:\/\/fotoakademija.lv\/wp-content\/uploads\/2024\/01\/Kadru-plans-foto-un-video-modeliem-6-18x10.png 18w, https:\/\/fotoakademija.lv\/wp-content\/uploads\/2024\/01\/Kadru-plans-foto-un-video-modeliem-6-1000x563.png 1000w, https:\/\/fotoakademija.lv\/wp-content\/uploads\/2024\/01\/Kadru-plans-foto-un-video-modeliem-6-230x129.png 230w, https:\/\/fotoakademija.lv\/wp-content\/uploads\/2024\/01\/Kadru-plans-foto-un-video-modeliem-6-350x197.png 350w, https:\/\/fotoakademija.lv\/wp-content\/uploads\/2024\/01\/Kadru-plans-foto-un-video-modeliem-6-480x270.png 480w\" sizes=\"auto, (max-width: 1920px) 100vw, 1920px\" \/><figcaption class=\"wp-element-caption\"><strong>Du har m\u00f6jlighet att l\u00e4ra dig medan du filmar!<\/strong><\/figcaption><\/figure>\n\n\n\n<p class=\"has-medium-font-size\">Kontakter: Valters (Fotoakademija.lv). Modellering sker mot ers\u00e4ttning. <\/p>\n\n\n\n<p class=\"has-medium-font-size\"><strong>F\u00f6r att ans\u00f6ka, skicka ditt full\u00e4ngdsfoto till <strong>fotoakademi<\/strong>(at)gmail.com<\/strong><\/p>\n\n\n\n<p><a href=\"https:\/\/fotoakademija.lv\/sv\/ramplan-for-foto-och-videomodeller\/\" data-type=\"post\" data-id=\"5871\"><strong>Ramplan f\u00f6r foto- och videomodeller<\/strong><\/a><\/p>\n\n\n\n<p>Modellering \u00e4r ett sp\u00e4nnande och kreativt yrke som ger dig m\u00f6jlighet att arbeta med olika m\u00e4nniskor och f\u00f6retag, samt att uttrycka dig kreativt. Foto- och videomodeller \u00e4r ansvariga f\u00f6r att portr\u00e4ttera en viss bild eller produkt med sitt eget utseende och personlighet.<\/p>\n\n\n\n<p class=\"has-very-light-gray-to-cyan-bluish-gray-gradient-background has-background\"><strong>Fotoakademin<\/strong> erbjuder arbete f\u00f6r foto- och videomodeller. V\u00e5ra projekt \u00e4r vanligtvis endagsprojekt, men kan \u00e4ven vara fullt betalda flerdagsjobb. Fotografering eller filmning sker i studio eller naturlig milj\u00f6, i s\u00e4songskl\u00e4der.<\/p>\n\n\n\n<figure class=\"wp-block-image size-full\"><img loading=\"lazy\" decoding=\"async\" width=\"1920\" height=\"1080\" src=\"https:\/\/fotoakademija.lv\/wp-content\/uploads\/2024\/01\/Kadru-plans-foto-un-video-modeliem-9.png\" alt=\"\" class=\"wp-image-5883\" srcset=\"https:\/\/fotoakademija.lv\/wp-content\/uploads\/2024\/01\/Kadru-plans-foto-un-video-modeliem-9.png 1920w, https:\/\/fotoakademija.lv\/wp-content\/uploads\/2024\/01\/Kadru-plans-foto-un-video-modeliem-9-300x169.png 300w, https:\/\/fotoakademija.lv\/wp-content\/uploads\/2024\/01\/Kadru-plans-foto-un-video-modeliem-9-1024x576.png 1024w, https:\/\/fotoakademija.lv\/wp-content\/uploads\/2024\/01\/Kadru-plans-foto-un-video-modeliem-9-768x432.png 768w, https:\/\/fotoakademija.lv\/wp-content\/uploads\/2024\/01\/Kadru-plans-foto-un-video-modeliem-9-1536x864.png 1536w, https:\/\/fotoakademija.lv\/wp-content\/uploads\/2024\/01\/Kadru-plans-foto-un-video-modeliem-9-18x10.png 18w, https:\/\/fotoakademija.lv\/wp-content\/uploads\/2024\/01\/Kadru-plans-foto-un-video-modeliem-9-1000x563.png 1000w, https:\/\/fotoakademija.lv\/wp-content\/uploads\/2024\/01\/Kadru-plans-foto-un-video-modeliem-9-230x129.png 230w, https:\/\/fotoakademija.lv\/wp-content\/uploads\/2024\/01\/Kadru-plans-foto-un-video-modeliem-9-350x197.png 350w, https:\/\/fotoakademija.lv\/wp-content\/uploads\/2024\/01\/Kadru-plans-foto-un-video-modeliem-9-480x270.png 480w\" sizes=\"auto, (max-width: 1920px) 100vw, 1920px\" \/><figcaption class=\"wp-element-caption\"><strong>Fotoakademin<\/strong> erbjuder arbete f\u00f6r foto- och videomodeller, f\u00f6rverkliga din dr\u00f6m<\/figcaption><\/figure>\n\n\n\n<p class=\"has-medium-font-size\">F\u00e4rdigheter som beh\u00f6vs f\u00f6r modellering<\/p>\n\n\n\n<p>F\u00f6r att vara en framg\u00e5ngsrik foto- och videomodell \u00e4r det viktigt att utveckla f\u00f6ljande f\u00e4rdigheter:<\/p>\n\n\n\n<ul class=\"wp-block-list\">\n<li><strong>Utseende:<\/strong> modellens utseende \u00e4r grunden f\u00f6r hans arbete. Han m\u00e5ste ha harmoniska ansikts- och kroppsproportioner.<\/li>\n\n\n\n<li><strong>Personlighet:<\/strong> modellens personlighet \u00e4r viktig f\u00f6r att han ska klara l\u00e5nga fotograferingar eller filmningssessioner. Han ska vara v\u00e4nlig, \u00f6ppen och samarbetsvillig.<\/li>\n\n\n\n<li><strong>Professionell attityd:<\/strong> modellarbete m\u00e5ste ha en professionell inst\u00e4llning. Han m\u00e5ste vara punktlig, noggrann och f\u00f6lja uppdragsgivarens instruktioner.<\/li>\n<\/ul>\n\n\n\n<figure class=\"wp-block-image size-full\"><img loading=\"lazy\" decoding=\"async\" width=\"1920\" height=\"1080\" src=\"https:\/\/fotoakademija.lv\/wp-content\/uploads\/2024\/01\/Kadru-plans-foto-un-video-modeliem-2-1.png\" alt=\"\" class=\"wp-image-5879\" srcset=\"https:\/\/fotoakademija.lv\/wp-content\/uploads\/2024\/01\/Kadru-plans-foto-un-video-modeliem-2-1.png 1920w, https:\/\/fotoakademija.lv\/wp-content\/uploads\/2024\/01\/Kadru-plans-foto-un-video-modeliem-2-1-300x169.png 300w, https:\/\/fotoakademija.lv\/wp-content\/uploads\/2024\/01\/Kadru-plans-foto-un-video-modeliem-2-1-1024x576.png 1024w, https:\/\/fotoakademija.lv\/wp-content\/uploads\/2024\/01\/Kadru-plans-foto-un-video-modeliem-2-1-768x432.png 768w, https:\/\/fotoakademija.lv\/wp-content\/uploads\/2024\/01\/Kadru-plans-foto-un-video-modeliem-2-1-1536x864.png 1536w, https:\/\/fotoakademija.lv\/wp-content\/uploads\/2024\/01\/Kadru-plans-foto-un-video-modeliem-2-1-18x10.png 18w, https:\/\/fotoakademija.lv\/wp-content\/uploads\/2024\/01\/Kadru-plans-foto-un-video-modeliem-2-1-1000x563.png 1000w, https:\/\/fotoakademija.lv\/wp-content\/uploads\/2024\/01\/Kadru-plans-foto-un-video-modeliem-2-1-230x129.png 230w, https:\/\/fotoakademija.lv\/wp-content\/uploads\/2024\/01\/Kadru-plans-foto-un-video-modeliem-2-1-350x197.png 350w, https:\/\/fotoakademija.lv\/wp-content\/uploads\/2024\/01\/Kadru-plans-foto-un-video-modeliem-2-1-480x270.png 480w\" sizes=\"auto, (max-width: 1920px) 100vw, 1920px\" \/><figcaption class=\"wp-element-caption\"><strong>Fotoakademin<\/strong> erbjuder arbete f\u00f6r foto- och videomodeller i Riga<\/figcaption><\/figure>\n\n\n\n<p class=\"has-medium-font-size\">F\u00f6rdelar med att arbeta som modell<\/p>\n\n\n\n<p><strong>Fotoakademin<\/strong> erbjuder arbete f\u00f6r foto- och videomodeller, inklusive:<\/p>\n\n\n\n<ul class=\"wp-block-list\">\n<li><strong>M\u00f6jligheten att uttrycka dig sj\u00e4lv genom att skapa:<\/strong> modeller kan anv\u00e4nda sitt utseende och sin personlighet f\u00f6r att skapa unika och sp\u00e4nnande bilder.<\/li>\n\n\n\n<li><strong>M\u00f6jlighet att arbeta med olika m\u00e4nniskor och f\u00f6retag:<\/strong> modeller har m\u00f6jlighet att arbeta med olika kreativa personligheter och f\u00f6retag.<\/li>\n\n\n\n<li><strong>M\u00f6jlighet att resa:<\/strong> modellering kan ge dig m\u00f6jlighet att resa och uppleva nya platser.<\/li>\n<\/ul>\n\n\n\n<p class=\"has-medium-font-size\">Hur man blir en foto- och videomodell<\/p>\n\n\n\n<p>F\u00f6r att bli en foto- och videomodell \u00e4r det viktigt att b\u00f6rja med att bygga sin portfolio. En portfolio b\u00f6r inneh\u00e5lla en m\u00e4ngd olika bilder som visar ditt utseende och din personlighet. Du kan be v\u00e4nner, familj eller professionella fotografer att hj\u00e4lpa dig skapa din portfolio.<\/p>\n\n\n\n<p class=\"has-luminous-dusk-gradient-background has-background\">N\u00e4r du har skapat din portf\u00f6lj kan du b\u00f6rja s\u00f6ka arbete p\u00e5 modellbyr\u00e5er eller online. Det \u00e4r viktigt att s\u00f6ka till olika projekt f\u00f6r att \u00f6ka dina chanser att hitta ett jobb.<\/p>\n\n\n\n<p><strong>Fotoakademin<\/strong> erbjuder professionell utbildning f\u00f6r foto- och videomodeller. V\u00e5rt utbildningsprogram kommer att l\u00e4ra dig alla f\u00e4rdigheter du beh\u00f6ver f\u00f6r att bli en framg\u00e5ngsrik modell.<\/p>\n\n\n\n<p class=\"has-medium-font-size\">Som en del av utbildningsprogrammet kommer du att:<\/p>\n\n\n\n<ul class=\"wp-block-list\">\n<li>L\u00e4r dig hur du skapar din portf\u00f6lj<\/li>\n\n\n\n<li>L\u00e4r dig hur du arbetar med fotografer och regiss\u00f6rer<\/li>\n\n\n\n<li>L\u00e4r dig hur du svarar p\u00e5 kundernas behov<\/li>\n\n\n\n<li>L\u00e4r dig hur du hanterar din karri\u00e4r<\/li>\n<\/ul>\n\n\n\n<p class=\"has-medium-font-size\">Om du vill bli en professionell foto- och videomodell \u00e4r Photo Academy det b\u00e4sta s\u00e4ttet att b\u00f6rja din karri\u00e4r.<\/p>\n\n\n\n<p>Modellarbete \u00e4r mot ers\u00e4ttning, storleken p\u00e5 arvodet beror p\u00e5 projektet.<\/p>\n\n\n\n<p><strong>Kontakter: Walter, <strong><strong>fotoakademi<\/strong>(at)gmail.com<\/strong><\/strong><\/p>\n\n\n\n<p><\/p>","protected":false},"excerpt":{"rendered":"<p>Mode\u013ca darbs R\u012bg\u0101, film\u0113\u0161ana studij\u0101 un dab\u012bg\u0101 vid\u0113 Fotoakad\u0113mija pied\u0101v\u0101 darbu foto un video mode\u013ciem, Jums ir iesp\u0113ja m\u0101c\u012bties film\u0113\u0161anas laik\u0101! Kontakti: [&hellip;]<\/p>","protected":false},"author":1,"featured_media":5858,"parent":0,"menu_order":0,"comment_status":"closed","ping_status":"closed","template":"","meta":{"footnotes":""},"class_list":["post-5854","page","type-page","status-publish","has-post-thumbnail","hentry"],"_links":{"self":[{"href":"https:\/\/fotoakademija.lv\/sv\/wp-json\/wp\/v2\/pages\/5854","targetHints":{"allow":["GET"]}}],"collection":[{"href":"https:\/\/fotoakademija.lv\/sv\/wp-json\/wp\/v2\/pages"}],"about":[{"href":"https:\/\/fotoakademija.lv\/sv\/wp-json\/wp\/v2\/types\/page"}],"author":[{"embeddable":true,"href":"https:\/\/fotoakademija.lv\/sv\/wp-json\/wp\/v2\/users\/1"}],"replies":[{"embeddable":true,"href":"https:\/\/fotoakademija.lv\/sv\/wp-json\/wp\/v2\/comments?post=5854"}],"version-history":[{"count":2,"href":"https:\/\/fotoakademija.lv\/sv\/wp-json\/wp\/v2\/pages\/5854\/revisions"}],"predecessor-version":[{"id":6188,"href":"https:\/\/fotoakademija.lv\/sv\/wp-json\/wp\/v2\/pages\/5854\/revisions\/6188"}],"wp:featuredmedia":[{"embeddable":true,"href":"https:\/\/fotoakademija.lv\/sv\/wp-json\/wp\/v2\/media\/5858"}],"wp:attachment":[{"href":"https:\/\/fotoakademija.lv\/sv\/wp-json\/wp\/v2\/media?parent=5854"}],"curies":[{"name":"wp","href":"https:\/\/api.w.org\/{rel}","templated":true}]}}